{"id":396,"date":"2024-09-15T18:13:50","date_gmt":"2024-09-15T18:13:50","guid":{"rendered":"https:\/\/tomasfisera.com\/?post_type=product&#038;p=396"},"modified":"2024-09-15T20:19:28","modified_gmt":"2024-09-15T20:19:28","slug":"cesky-krumlov-u-mrazku","status":"publish","type":"product","link":"https:\/\/tomasfisera.com\/index.php\/product\/cesky-krumlov-u-mrazku\/","title":{"rendered":"Test &#8211; Availible &#8211; \u010cesk\u00fd Krumlov &#8211; U Mr\u00e1zk\u016f"},"content":{"rendered":"","protected":false},"excerpt":{"rendered":"<ul>\n<li>28&#215;38 cm<\/li>\n<li>Watercolor on paper<\/li>\n<li>Shipping included in the price<\/li>\n<\/ul>\n","protected":false},"featured_media":397,"comment_status":"closed","ping_status":"closed","template":"","meta":{"_et_pb_use_builder":"","_et_pb_old_content":"","_et_gb_content_width":""},"product_cat":[20],"product_tag":[],"_links":{"self":[{"href":"https:\/\/tomasfisera.com\/index.php\/wp-json\/wp\/v2\/product\/396"}],"collection":[{"href":"https:\/\/tomasfisera.com\/index.php\/wp-json\/wp\/v2\/product"}],"about":[{"href":"https:\/\/tomasfisera.com\/index.php\/wp-json\/wp\/v2\/types\/product"}],"replies":[{"embeddable":true,"href":"https:\/\/tomasfisera.com\/index.php\/wp-json\/wp\/v2\/comments?post=396"}],"wp:featuredmedia":[{"embeddable":true,"href":"https:\/\/tomasfisera.com\/index.php\/wp-json\/wp\/v2\/media\/397"}],"wp:attachment":[{"href":"https:\/\/tomasfisera.com\/index.php\/wp-json\/wp\/v2\/media?parent=396"}],"wp:term":[{"taxonomy":"product_cat","embeddable":true,"href":"https:\/\/tomasfisera.com\/index.php\/wp-json\/wp\/v2\/product_cat?post=396"},{"taxonomy":"product_tag","embeddable":true,"href":"https:\/\/tomasfisera.com\/index.php\/wp-json\/wp\/v2\/product_tag?post=396"}],"curies":[{"name":"wp","href":"https:\/\/api.w.org\/{rel}","templated":true}]}}